{"id":260,"date":"2021-03-09T02:57:55","date_gmt":"2021-03-09T02:57:55","guid":{"rendered":"http:\/\/www.fkinteriery.cz\/?page_id=260"},"modified":"2021-03-18T21:11:55","modified_gmt":"2021-03-18T21:11:55","slug":"detske-pokoje-loznice-a-vestavene-skrine","status":"publish","type":"page","link":"https:\/\/www.fkinteriery.cz\/index.php\/detske-pokoje-loznice-a-vestavene-skrine\/","title":{"rendered":"D\u011btsk\u00e9 pokoje, lo\u017enice a vestav\u011bn\u00e9 sk\u0159\u00edn\u011b"},"content":{"rendered":"<p>[et_pb_section fb_built=&#8220;1&#8243; admin_label=&#8220;Header&#8220; _builder_version=&#8220;4.9.1&#8243; use_background_color_gradient=&#8220;on&#8220; background_color_gradient_start=&#8220;rgba(247,241,227,0.52)&#8220; background_color_gradient_end=&#8220;rgba(247,243,236,0.7)&#8220; background_color_gradient_direction=&#8220;150deg&#8220; background_color_gradient_start_position=&#8220;26%&#8220; background_color_gradient_overlays_image=&#8220;on&#8220; background_image=&#8220;https:\/\/www.fkinteriery.cz\/wp-content\/uploads\/2021\/03\/DSC_0047-1-scaled.jpg&#8220; background_position=&#8220;center_left&#8220; custom_padding=&#8220;54px|0px|0|0px|false|false&#8220;][et_pb_row column_structure=&#8220;1_2,1_2&#8243; _builder_version=&#8220;3.25&#8243;][et_pb_column type=&#8220;1_2&#8243; _builder_version=&#8220;3.25&#8243; custom_padding=&#8220;|||&#8220; custom_padding__hover=&#8220;|||&#8220;][et_pb_text _builder_version=&#8220;4.9.1&#8243; text_font=&#8220;||||||||&#8220; header_font=&#8220;Montserrat|600|||||||&#8220; header_text_color=&#8220;#ef6f49&#8243; header_font_size=&#8220;57px&#8220; header_line_height=&#8220;1.1em&#8220; header_4_font=&#8220;Montserrat|500||on|||||&#8220; header_4_text_color=&#8220;#ef6f49&#8243; header_4_font_size=&#8220;11px&#8220; header_4_letter_spacing=&#8220;3px&#8220; header_font_size_tablet=&#8220;50px&#8220; header_font_size_phone=&#8220;40px&#8220; header_font_size_last_edited=&#8220;on|phone&#8220; locked=&#8220;off&#8220;]<\/p>\n<h1><span style=\"color: #333333;\"><strong>FK INTERIERY<\/strong><\/span><\/h1>\n<h1><\/h1>\n<p>[\/et_pb_text][et_pb_button button_url=&#8220;@ET-DC@eyJkeW5hbWljIjp0cnVlLCJjb250ZW50IjoicG9zdF9saW5rX3VybF9wYWdlIiwic2V0dGluZ3MiOnsicG9zdF9pZCI6IjExMyJ9fQ==@&#8220; button_text=&#8220;kontaktujte n\u00e1s&#8220; button_alignment=&#8220;left&#8220; _builder_version=&#8220;4.9.1&#8243; _dynamic_attributes=&#8220;button_url&#8220; custom_button=&#8220;on&#8220; button_text_size=&#8220;13px&#8220; button_text_color=&#8220;#ffffff&#8220; button_bg_color=&#8220;#ef6f49&#8243; button_border_width=&#8220;0px&#8220; button_border_radius=&#8220;0px&#8220; button_letter_spacing=&#8220;2px&#8220; button_font=&#8220;Montserrat|600||on|||||&#8220; button_use_icon=&#8220;off&#8220; custom_padding=&#8220;12px|24px|12px|24px|true|true&#8220; locked=&#8220;off&#8220; button_bg_color__hover=&#8220;#d64228&#8243; button_bg_color__hover_enabled=&#8220;on&#8220;][\/et_pb_button][\/et_pb_column][et_pb_column type=&#8220;1_2&#8243; _builder_version=&#8220;3.25&#8243; custom_padding=&#8220;40px|||&#8220; custom_padding_tablet=&#8220;0px|||&#8220; custom_padding_phone=&#8220;&#8220; custom_padding_last_edited=&#8220;on|tablet&#8220; padding_tablet=&#8220;0px|||&#8220; padding_last_edited=&#8220;on|tablet&#8220; custom_padding__hover=&#8220;|||&#8220;][\/et_pb_column][\/et_pb_row][et_pb_row column_structure=&#8220;3_5,2_5&#8243; padding_left_right_link_1=&#8220;true&#8220; _builder_version=&#8220;3.25&#8243; max_width=&#8220;1200px&#8220; module_alignment=&#8220;center&#8220; custom_margin=&#8220;60px||&#8220; custom_padding=&#8220;0|0|0px|0|false|true&#8220; box_shadow_style=&#8220;preset4&#8243; box_shadow_horizontal=&#8220;-700px&#8220; box_shadow_vertical=&#8220;0px&#8220; box_shadow_color=&#8220;#ffffff&#8220; use_custom_width=&#8220;on&#8220; custom_width_px=&#8220;1200px&#8220; custom_width_px__hover=&#8220;1080px&#8220; custom_width_px__hover_enabled=&#8220;1080px&#8220; custom_width_percent__hover=&#8220;80%&#8220; custom_width_percent__hover_enabled=&#8220;80%&#8220; make_fullwidth__hover=&#8220;off&#8220; make_fullwidth__hover_enabled=&#8220;off&#8220; use_custom_width__hover=&#8220;off&#8220; use_custom_width__hover_enabled=&#8220;off&#8220; width_unit__hover=&#8220;on&#8220; width_unit__hover_enabled=&#8220;on&#8220; use_custom_gutter__hover=&#8220;off&#8220; use_custom_gutter__hover_enabled=&#8220;off&#8220; gutter_width__hover=&#8220;3&#8243; gutter_width__hover_enabled=&#8220;3&#8243; make_equal__hover=&#8220;off&#8220; make_equal__hover_enabled=&#8220;off&#8220; max_width__hover=&#8220;1080px&#8220; max_width__hover_enabled=&#8220;1080px&#8220;][et_pb_column type=&#8220;3_5&#8243; _builder_version=&#8220;3.25&#8243; background_color=&#8220;#ffffff&#8220; custom_padding=&#8220;60px|60px||60px&#8220; custom_padding__hover=&#8220;|||&#8220;][et_pb_divider color=&#8220;#ef6f49&#8243; _builder_version=&#8220;3.19&#8243; max_width=&#8220;70px&#8220; custom_margin=&#8220;||0px&#8220; locked=&#8220;off&#8220;][\/et_pb_divider][et_pb_text _builder_version=&#8220;4.9.0&#8243; text_font=&#8220;||||||||&#8220; header_font=&#8220;Montserrat||||||||&#8220; header_font_size=&#8220;27px&#8220; header_3_font=&#8220;Montserrat|300|||||||&#8220; header_3_font_size=&#8220;26px&#8220; header_3_line_height=&#8220;1.5em&#8220; header_4_font=&#8220;Montserrat|500||on|||||&#8220; header_4_text_color=&#8220;#ef6f49&#8243; header_4_font_size=&#8220;11px&#8220; header_4_letter_spacing=&#8220;3px&#8220; max_width=&#8220;700px&#8220; custom_margin=&#8220;||&#8220; locked=&#8220;off&#8220; header_2_font_size__hover=&#8220;26px&#8220; header_2_font_size__hover_enabled=&#8220;26px&#8220; header_2_letter_spacing__hover=&#8220;0px&#8220; header_2_letter_spacing__hover_enabled=&#8220;0px&#8220; header_2_line_height__hover=&#8220;1em&#8220; header_2_line_height__hover_enabled=&#8220;1em&#8220; header_2_text_shadow_style__hover=&#8220;none&#8220; header_2_text_shadow_style__hover_enabled=&#8220;none&#8220; header_2_text_shadow_color__hover=&#8220;rgba(0,0,0,0.4)&#8220; header_2_text_shadow_color__hover_enabled=&#8220;rgba(0,0,0,0.4)&#8220;]<\/p>\n<h1>D\u011btsk\u00e9 pokoje, lo\u017enice a vestav\u011bn\u00e9 sk\u0159\u00edne<\/h1>\n<p>[\/et_pb_text][\/et_pb_column][et_pb_column type=&#8220;2_5&#8243; _builder_version=&#8220;3.25&#8243; custom_padding=&#8220;|||&#8220; custom_padding__hover=&#8220;|||&#8220;][\/et_pb_column][\/et_pb_row][\/et_pb_section][et_pb_section fb_built=&#8220;1&#8243; specialty=&#8220;on&#8220; admin_label=&#8220;About&#8220; _builder_version=&#8220;3.22&#8243;][et_pb_column type=&#8220;2_3&#8243; specialty_columns=&#8220;2&#8243; _builder_version=&#8220;3.25&#8243; custom_padding=&#8220;|||&#8220; parallax__hover=&#8220;off&#8220; parallax_method__hover=&#8220;on&#8220; custom_padding__hover=&#8220;|||&#8220;][et_pb_row_inner _builder_version=&#8220;3.25&#8243;][et_pb_column_inner saved_specialty_column_type=&#8220;2_3&#8243; _builder_version=&#8220;3.25&#8243; custom_padding=&#8220;|10%||&#8220; padding_right__hover=&#8220;10%&#8220; parallax__hover=&#8220;off&#8220; parallax_method__hover=&#8220;on&#8220; custom_padding__hover=&#8220;|||&#8220;][et_pb_text _builder_version=&#8220;4.9.1&#8243; text_font=&#8220;||||||||&#8220; text_font_size=&#8220;15px&#8220; text_line_height=&#8220;2.2em&#8220; locked=&#8220;off&#8220;]<\/p>\n<p>Zak\u00e1zkov\u00e1 v\u00fdroba n\u00e1bytku d\u011btsk\u00e9ho pokoje, lo\u017enice a vestav\u011bn\u00fdch sk\u0159\u00edn\u00ed podle va\u0161ich p\u0159edstav. Dok\u00e1\u017eeme V\u00e1m nab\u00eddnout velk\u00e9 mno\u017estv\u00ed variant a proveden\u00ed ze \u0161irok\u00e9 \u0161k\u00e1ly dostupn\u00fdch materi\u00e1l\u016f a kov\u00e1n\u00ed.<\/p>\n<p><em>&#8222;Jsme firmou, kter\u00e1 dok\u00e1\u017ee a nab\u00edz\u00ed sv\u00fdm z\u00e1kazn\u00edk\u016fm p\u0159esn\u011b takov\u00e9 slu\u017eby, jak\u00e9 pot\u0159ebuj\u00ed&#8220;<\/em><\/p>\n<p><strong>Netu\u0161\u00edte jak vybrat st\u016fl, sk\u0159\u00ed\u0148 \u010di postel do d\u011btsk\u00e9ho pokoje \u010di lo\u017enice? Dok\u00e1\u017eeme nab\u00eddnout opravdu nep\u0159ebern\u00e9 mno\u017estv\u00ed variant, s jejich\u017e v\u00fdb\u011brem V\u00e1m odborn\u011b porad\u00edme.<\/strong><\/p>\n<p>[\/et_pb_text][et_pb_blurb title=&#8220;Atypick\u00fd n\u00e1bytek na m\u00edru&#8220; image=&#8220;https:\/\/www.fkinteriery.cz\/wp-content\/uploads\/2021\/03\/furniture-icon-05.png&#8220; _builder_version=&#8220;4.9.0&#8243; header_font=&#8220;Montserrat|600||on|||||&#8220; header_text_color=&#8220;rgba(0,0,0,0.23)&#8220; header_font_size=&#8220;12px&#8220; header_letter_spacing=&#8220;1px&#8220; header_line_height=&#8220;1.8em&#8220; body_font=&#8220;||||||||&#8220; body_line_height=&#8220;2em&#8220; text_orientation=&#8220;center&#8220; animation=&#8220;off&#8220; locked=&#8220;off&#8220; header_font_size__hover=&#8220;22px&#8220; header_font_size__hover_enabled=&#8220;22px&#8220; header_letter_spacing__hover=&#8220;0px&#8220; header_letter_spacing__hover_enabled=&#8220;0px&#8220; header_line_height__hover=&#8220;1em&#8220; header_line_height__hover_enabled=&#8220;1em&#8220; header_text_shadow_style__hover=&#8220;none&#8220; header_text_shadow_style__hover_enabled=&#8220;none&#8220; header_text_shadow_color__hover=&#8220;rgba(0,0,0,0.4)&#8220; header_text_shadow_color__hover_enabled=&#8220;rgba(0,0,0,0.4)&#8220; max_width__hover=&#8220;100%&#8220; max_width__hover_enabled=&#8220;100%&#8220;]<\/p>\n<p><strong>Atypick\u00fd n\u00e1bytek na m\u00edru v\u00e1m ve srovn\u00e1n\u00ed s b\u011b\u017en\u00fdm n\u00e1bytkem, kter\u00fd lze zakoupit v obchodech s n\u00e1bytkem, umo\u017e\u0148uje l\u00e9pe a vkusn\u011bji vyu\u017e\u00edt<\/strong><br \/><strong>mo\u017enost\u00ed va\u0161eho interi\u00e9ru.<\/strong><\/p>\n<p>[\/et_pb_blurb][\/et_pb_column_inner][\/et_pb_row_inner][\/et_pb_column][et_pb_column type=&#8220;1_3&#8243; _builder_version=&#8220;3.25&#8243; custom_padding=&#8220;|||&#8220; parallax__hover=&#8220;off&#8220; parallax_method__hover=&#8220;on&#8220; custom_padding__hover=&#8220;|||&#8220;][et_pb_image src=&#8220;https:\/\/www.fkinteriery.cz\/wp-content\/uploads\/2021\/03\/uvodni-fotka2-scaled.jpg&#8220; title_text=&#8220;fk interiery lo\u017enice&#8220; align_tablet=&#8220;center&#8220; align_phone=&#8220;&#8220; align_last_edited=&#8220;on|desktop&#8220; _builder_version=&#8220;4.9.1&#8243;][\/et_pb_image][\/et_pb_column][\/et_pb_section][et_pb_section fb_built=&#8220;1&#8243; custom_padding_last_edited=&#8220;on|tablet&#8220; admin_label=&#8220;Gallery&#8220; _builder_version=&#8220;3.22&#8243; use_background_color_gradient=&#8220;on&#8220; background_color_gradient_start=&#8220;rgba(247,243,236,0)&#8220; background_color_gradient_end=&#8220;#f7f3ec&#8220; background_color_gradient_direction=&#8220;90deg&#8220; background_color_gradient_start_position=&#8220;60%&#8220; background_color_gradient_end_position=&#8220;60%&#8220; custom_padding=&#8220;100px|0px|100px|0px|true|false&#8220; custom_padding_tablet=&#8220;30px||30px||true&#8220; custom_padding_phone=&#8220;&#8220;][et_pb_row _builder_version=&#8220;3.25&#8243; width=&#8220;90%&#8220; max_width=&#8220;90%&#8220; module_alignment=&#8220;right&#8220; use_custom_width=&#8220;on&#8220; width_unit=&#8220;off&#8220; custom_width_percent=&#8220;90%&#8220;][et_pb_column type=&#8220;4_4&#8243; _builder_version=&#8220;3.25&#8243; custom_padding=&#8220;|||&#8220; custom_padding__hover=&#8220;|||&#8220;][et_pb_gallery gallery_ids=&#8220;687,681,690,680,700,683,698,699,676,674,675,677,678,684,685,686,688,689,691,701&#8243; show_title_and_caption=&#8220;off&#8220; show_pagination=&#8220;off&#8220; _builder_version=&#8220;4.9.1&#8243; _module_preset=&#8220;default&#8220; hover_enabled=&#8220;0&#8243; sticky_enabled=&#8220;0&#8243;][\/et_pb_gallery][\/et_pb_column][\/et_pb_row][\/et_pb_section]<\/p>\n","protected":false},"excerpt":{"rendered":"<p>FK INTERIERY D\u011btsk\u00e9 pokoje, lo\u017enice a vestav\u011bn\u00e9 sk\u0159\u00edneZak\u00e1zkov\u00e1 v\u00fdroba n\u00e1bytku d\u011btsk\u00e9ho pokoje, lo\u017enice a vestav\u011bn\u00fdch sk\u0159\u00edn\u00ed podle va\u0161ich p\u0159edstav. Dok\u00e1\u017eeme V\u00e1m nab\u00eddnout velk\u00e9 mno\u017estv\u00ed variant a proveden\u00ed ze \u0161irok\u00e9 \u0161k\u00e1ly dostupn\u00fdch materi\u00e1l\u016f a kov\u00e1n\u00ed. &#8222;Jsme firmou, kter\u00e1 dok\u00e1\u017ee a nab\u00edz\u00ed sv\u00fdm z\u00e1kazn\u00edk\u016fm p\u0159esn\u011b takov\u00e9 slu\u017eby, jak\u00e9 pot\u0159ebuj\u00ed&#8220; Netu\u0161\u00edte jak vybrat st\u016fl, sk\u0159\u00ed\u0148 \u010di postel do [&hellip;]<\/p>\n","protected":false},"author":1,"featured_media":0,"parent":0,"menu_order":0,"comment_status":"closed","ping_status":"closed","template":"","meta":{"_et_pb_use_builder":"on","_et_pb_old_content":"","_et_gb_content_width":"","footnotes":""},"class_list":["post-260","page","type-page","status-publish","hentry"],"_links":{"self":[{"href":"https:\/\/www.fkinteriery.cz\/index.php\/wp-json\/wp\/v2\/pages\/260","targetHints":{"allow":["GET"]}}],"collection":[{"href":"https:\/\/www.fkinteriery.cz\/index.php\/wp-json\/wp\/v2\/pages"}],"about":[{"href":"https:\/\/www.fkinteriery.cz\/index.php\/wp-json\/wp\/v2\/types\/page"}],"author":[{"embeddable":true,"href":"https:\/\/www.fkinteriery.cz\/index.php\/wp-json\/wp\/v2\/users\/1"}],"replies":[{"embeddable":true,"href":"https:\/\/www.fkinteriery.cz\/index.php\/wp-json\/wp\/v2\/comments?post=260"}],"version-history":[{"count":9,"href":"https:\/\/www.fkinteriery.cz\/index.php\/wp-json\/wp\/v2\/pages\/260\/revisions"}],"predecessor-version":[{"id":703,"href":"https:\/\/www.fkinteriery.cz\/index.php\/wp-json\/wp\/v2\/pages\/260\/revisions\/703"}],"wp:attachment":[{"href":"https:\/\/www.fkinteriery.cz\/index.php\/wp-json\/wp\/v2\/media?parent=260"}],"curies":[{"name":"wp","href":"https:\/\/api.w.org\/{rel}","templated":true}]}}